{"id":38,"date":"2025-02-07T09:24:31","date_gmt":"2025-02-07T09:24:31","guid":{"rendered":"https:\/\/cosmeticsurgeryspecialists.co.uk\/coordonnees\/"},"modified":"2025-02-07T09:24:31","modified_gmt":"2025-02-07T09:24:31","slug":"coordonnees","status":"publish","type":"page","link":"https:\/\/cosmeticsurgeryspecialists.co.uk\/ro\/coordonnees\/","title":{"rendered":"Date de contact"},"content":{"rendered":"<p>Pentru orice \u00eentreb\u0103ri sau sugestii, v\u0103 rug\u0103m s\u0103 ne scrie\u021bi la urm\u0103toarea adres\u0103:<br \/>\n        <a href=\"mailto:info@cosmeticsurgeryspecialists.co.uk\">info@cosmeticsurgeryspecialists.co.uk<\/a>\n    <\/p>\n<h2>Formular de contact<\/h2>\n<form action=\"\/ro\/submit_form\/\" method=\"post\" data-trp-original-action=\"\/submit_form\">\n        <label for=\"name\">Nume:<\/label><br \/>\n        <input type=\"text\" id=\"name\" name=\"name\" required><\/p>\n<p>        <label for=\"email\">E-mail:<\/label><br \/>\n        <input type=\"email\" id=\"email\" name=\"email\" required><\/p>\n<p>        <label for=\"message\">Mesaj:<\/label><br \/>\n        <textarea id=\"message\" name=\"message\" rows=\"4\" required><\/textarea><\/p>\n<p>        <input type=\"submit\" value=\"Trimite\"><br \/>\n    <input type=\"hidden\" name=\"trp-form-language\" value=\"ro\"\/><\/form>\n<p>Ne angaj\u0103m s\u0103 v\u0103 r\u0103spundem c\u00e2t mai cur\u00e2nd posibil.<\/p>","protected":false},"excerpt":{"rendered":"<p>Pour toute question ou suggestion, veuillez nous \u00e9crire \u00e0 l&rsquo;adresse suivante : info@cosmeticsurgeryspecialists.co.uk Formulaire de contact Nom : Email : Message : Nous nous engageons [&hellip;]<\/p>","protected":false},"author":1,"featured_media":0,"parent":0,"menu_order":0,"comment_status":"closed","ping_status":"closed","template":"","meta":{"_acf_changed":false,"footnotes":""},"class_list":["post-38","page","type-page","status-publish","hentry"],"acf":[],"yoast_head":"<!-- This site is optimized with the Yoast SEO plugin v23.2 - https:\/\/yoast.com\/wordpress\/plugins\/seo\/ -->\n<title>Coordonn\u00e9es - cosmeticsurgeryspecialists.co.uk<\/title>\n<meta name=\"description\" content=\"Contactez Cosmetic Surgery Specialists pour toute question ou suggestion. Nous sommes l\u00e0 pour vous aider.\" \/>\n<meta name=\"robots\" content=\"index, follow, max-snippet:-1, max-image-preview:large, max-video-preview:-1\" \/>\n<link rel=\"canonical\" href=\"https:\/\/cosmeticsurgeryspecialists.co.uk\/ro\/coordonnees\/\" \/>\n<meta property=\"og:locale\" content=\"ro_RO\" \/>\n<meta property=\"og:type\" content=\"article\" \/>\n<meta property=\"og:title\" content=\"Coordonn\u00e9es - cosmeticsurgeryspecialists.co.uk\" \/>\n<meta property=\"og:description\" content=\"Contactez Cosmetic Surgery Specialists pour toute question ou suggestion. Nous sommes l\u00e0 pour vous aider.\" \/>\n<meta property=\"og:url\" content=\"https:\/\/cosmeticsurgeryspecialists.co.uk\/ro\/coordonnees\/\" \/>\n<meta property=\"og:site_name\" content=\"cosmeticsurgeryspecialists.co.uk\" \/>\n<meta name=\"twitter:card\" content=\"summary_large_image\" \/>\n<script type=\"application\/ld+json\" class=\"yoast-schema-graph\">{\"@context\":\"https:\/\/schema.org\",\"@graph\":[{\"@type\":\"WebPage\",\"@id\":\"https:\/\/cosmeticsurgeryspecialists.co.uk\/coordonnees\/\",\"url\":\"https:\/\/cosmeticsurgeryspecialists.co.uk\/coordonnees\/\",\"name\":\"Coordonn\u00e9es - cosmeticsurgeryspecialists.co.uk\",\"isPartOf\":{\"@id\":\"https:\/\/cosmeticsurgeryspecialists.co.uk\/#website\"},\"datePublished\":\"2025-02-07T09:24:31+00:00\",\"dateModified\":\"2025-02-07T09:24:31+00:00\",\"description\":\"Contactez Cosmetic Surgery Specialists pour toute question ou suggestion. Nous sommes l\u00e0 pour vous aider.\",\"breadcrumb\":{\"@id\":\"https:\/\/cosmeticsurgeryspecialists.co.uk\/coordonnees\/#breadcrumb\"},\"inLanguage\":\"ro-RO\",\"potentialAction\":[{\"@type\":\"ReadAction\",\"target\":[\"https:\/\/cosmeticsurgeryspecialists.co.uk\/coordonnees\/\"]}]},{\"@type\":\"BreadcrumbList\",\"@id\":\"https:\/\/cosmeticsurgeryspecialists.co.uk\/coordonnees\/#breadcrumb\",\"itemListElement\":[{\"@type\":\"ListItem\",\"position\":1,\"name\":\"Home\",\"item\":\"https:\/\/cosmeticsurgeryspecialists.co.uk\/\"},{\"@type\":\"ListItem\",\"position\":2,\"name\":\"Coordonn\u00e9es\"}]},{\"@type\":\"WebSite\",\"@id\":\"https:\/\/cosmeticsurgeryspecialists.co.uk\/#website\",\"url\":\"https:\/\/cosmeticsurgeryspecialists.co.uk\/\",\"name\":\"cosmeticsurgeryspecialists.co.uk\",\"description\":\"L\u2019Art du Style: Tendances Mode\",\"potentialAction\":[{\"@type\":\"SearchAction\",\"target\":{\"@type\":\"EntryPoint\",\"urlTemplate\":\"https:\/\/cosmeticsurgeryspecialists.co.uk\/?s={search_term_string}\"},\"query-input\":\"required name=search_term_string\"}],\"inLanguage\":\"ro-RO\"}]}<\/script>\n<!-- \/ Yoast SEO plugin. -->","yoast_head_json":{"title":"Coordonn\u00e9es - cosmeticsurgeryspecialists.co.uk","description":"Contactez Cosmetic Surgery Specialists pour toute question ou suggestion. Nous sommes l\u00e0 pour vous aider.","robots":{"index":"index","follow":"follow","max-snippet":"max-snippet:-1","max-image-preview":"max-image-preview:large","max-video-preview":"max-video-preview:-1"},"canonical":"https:\/\/cosmeticsurgeryspecialists.co.uk\/ro\/coordonnees\/","og_locale":"ro_RO","og_type":"article","og_title":"Coordonn\u00e9es - cosmeticsurgeryspecialists.co.uk","og_description":"Contactez Cosmetic Surgery Specialists pour toute question ou suggestion. Nous sommes l\u00e0 pour vous aider.","og_url":"https:\/\/cosmeticsurgeryspecialists.co.uk\/ro\/coordonnees\/","og_site_name":"cosmeticsurgeryspecialists.co.uk","twitter_card":"summary_large_image","schema":{"@context":"https:\/\/schema.org","@graph":[{"@type":"WebPage","@id":"https:\/\/cosmeticsurgeryspecialists.co.uk\/coordonnees\/","url":"https:\/\/cosmeticsurgeryspecialists.co.uk\/coordonnees\/","name":"Coordonn\u00e9es - cosmeticsurgeryspecialists.co.uk","isPartOf":{"@id":"https:\/\/cosmeticsurgeryspecialists.co.uk\/#website"},"datePublished":"2025-02-07T09:24:31+00:00","dateModified":"2025-02-07T09:24:31+00:00","description":"Contactez Cosmetic Surgery Specialists pour toute question ou suggestion. Nous sommes l\u00e0 pour vous aider.","breadcrumb":{"@id":"https:\/\/cosmeticsurgeryspecialists.co.uk\/coordonnees\/#breadcrumb"},"inLanguage":"ro-RO","potentialAction":[{"@type":"ReadAction","target":["https:\/\/cosmeticsurgeryspecialists.co.uk\/coordonnees\/"]}]},{"@type":"BreadcrumbList","@id":"https:\/\/cosmeticsurgeryspecialists.co.uk\/coordonnees\/#breadcrumb","itemListElement":[{"@type":"ListItem","position":1,"name":"Home","item":"https:\/\/cosmeticsurgeryspecialists.co.uk\/"},{"@type":"ListItem","position":2,"name":"Coordonn\u00e9es"}]},{"@type":"WebSite","@id":"https:\/\/cosmeticsurgeryspecialists.co.uk\/#website","url":"https:\/\/cosmeticsurgeryspecialists.co.uk\/","name":"cosmeticsurgeryspecialists.co.uk","description":"L\u2019Art du Style: Tendances Mode","potentialAction":[{"@type":"SearchAction","target":{"@type":"EntryPoint","urlTemplate":"https:\/\/cosmeticsurgeryspecialists.co.uk\/?s={search_term_string}"},"query-input":"required name=search_term_string"}],"inLanguage":"ro-RO"}]}},"yoast_meta":{"yoast_wpseo_title":"","yoast_wpseo_metadesc":"","yoast_wpseo_canonical":"https:\/\/cosmeticsurgeryspecialists.co.uk\/ro\/wp-json\/wp\/v2\/pages\/38"},"_links":{"self":[{"href":"https:\/\/cosmeticsurgeryspecialists.co.uk\/ro\/wp-json\/wp\/v2\/pages\/38","targetHints":{"allow":["GET"]}}],"collection":[{"href":"https:\/\/cosmeticsurgeryspecialists.co.uk\/ro\/wp-json\/wp\/v2\/pages"}],"about":[{"href":"https:\/\/cosmeticsurgeryspecialists.co.uk\/ro\/wp-json\/wp\/v2\/types\/page"}],"author":[{"embeddable":true,"href":"https:\/\/cosmeticsurgeryspecialists.co.uk\/ro\/wp-json\/wp\/v2\/users\/1"}],"replies":[{"embeddable":true,"href":"https:\/\/cosmeticsurgeryspecialists.co.uk\/ro\/wp-json\/wp\/v2\/comments?post=38"}],"version-history":[{"count":0,"href":"https:\/\/cosmeticsurgeryspecialists.co.uk\/ro\/wp-json\/wp\/v2\/pages\/38\/revisions"}],"wp:attachment":[{"href":"https:\/\/cosmeticsurgeryspecialists.co.uk\/ro\/wp-json\/wp\/v2\/media?parent=38"}],"curies":[{"name":"wp","href":"https:\/\/api.w.org\/{rel}","templated":true}]}}