{"id":37,"date":"2025-02-07T09:23:58","date_gmt":"2025-02-07T09:23:58","guid":{"rendered":"https:\/\/cosmeticsurgeryspecialists.co.uk\/a-propos-de-nous\/"},"modified":"2025-02-07T11:04:47","modified_gmt":"2025-02-07T11:04:47","slug":"a-propos-de-nous","status":"publish","type":"page","link":"https:\/\/cosmeticsurgeryspecialists.co.uk\/ro\/a-propos-de-nous\/","title":{"rendered":"Despre noi"},"content":{"rendered":"<h2>Lucrurile viselor noastre<\/h2>\n<p>\u00cen oceanul nesf\u00e2r\u0219it al modei, suntem ghizii t\u0103i pasiona\u021bi, dedica\u021bi ilumin\u0103rii c\u0103l\u0103toriei tale vestimentare. Blogul nostru este un centru unde arta stilului \u00eent\u00e2lne\u0219te exprimarea personal\u0103, unde fiecare postare este atent \u021besut\u0103 pentru a te inspira.<\/p>\n<p><img loading=\"lazy\" decoding=\"async\" class=\"aligncenter wp-image-36 size-full\" src=\"https:\/\/cosmeticsurgeryspecialists.co.uk\/wp-content\/uploads\/2025\/02\/zrelaya-zhenshhina-srednih-let-so-svetlymi-volosami-v-solnczezashhitnyh-ochkah-gulyaet-po-gorodskim.jpg\" alt=\"\" width=\"612\" height=\"408\" srcset=\"https:\/\/cosmeticsurgeryspecialists.co.uk\/wp-content\/uploads\/2025\/02\/zrelaya-zhenshhina-srednih-let-so-svetlymi-volosami-v-solnczezashhitnyh-ochkah-gulyaet-po-gorodskim.jpg 612w, https:\/\/cosmeticsurgeryspecialists.co.uk\/wp-content\/uploads\/2025\/02\/zrelaya-zhenshhina-srednih-let-so-svetlymi-volosami-v-solnczezashhitnyh-ochkah-gulyaet-po-gorodskim-300x200.jpg 300w\" sizes=\"auto, (max-width: 612px) 100vw, 612px\" \/><\/p>\n<h2>Firul comun<\/h2>\n<p>Echipa noastr\u0103 de redactori de mod\u0103 cultiv\u0103 o abordare unic\u0103 a stilului, \u00eembin\u00e2nd creativitatea cu caracterul practic. Descifr\u0103m tendin\u021bele, explor\u0103m noi colec\u021bii \u0219i \u00eemp\u0103rt\u0103\u0219im viziunea noastr\u0103 asupra unei mode accesibile \u0219i \u00eemplinitoare.<\/p>\n<h2>Gama cuno\u0219tin\u021belor noastre<\/h2>\n<h3>Domeniile noastre de expertiz\u0103:<\/h3>\n<ul>\n<li>Analiz\u0103 aprofundat\u0103 a tendin\u021belor sezoniere cu o perspectiv\u0103 critic\u0103 \u0219i inovatoare<\/li>\n<li>Sfaturi personalizate pentru crearea unei garderobe inteligente \u0219i versatile<\/li>\n<li>Explor\u00e2nd leg\u0103turile dintre moda contemporan\u0103 \u0219i arta de a tr\u0103i<\/li>\n<li>Sfaturi de stil pentru fiecare moment al vie\u021bii \u0219i pentru fiecare siluet\u0103<\/li>\n<\/ul>","protected":false},"excerpt":{"rendered":"<p>L&rsquo;\u00e9toffe de nos r\u00eaves Dans l&rsquo;oc\u00e9an infini de la mode, nous sommes vos guides passionn\u00e9s, d\u00e9vou\u00e9s \u00e0 illuminer votre parcours vestimentaire. Notre blog est un [&hellip;]<\/p>","protected":false},"author":1,"featured_media":0,"parent":0,"menu_order":0,"comment_status":"closed","ping_status":"closed","template":"","meta":{"_acf_changed":false,"footnotes":""},"class_list":["post-37","page","type-page","status-publish","hentry"],"acf":[],"yoast_head":"<!-- This site is optimized with the Yoast SEO plugin v23.2 - https:\/\/yoast.com\/wordpress\/plugins\/seo\/ -->\n<title>\u00c0 propos de nous - cosmeticsurgeryspecialists.co.uk<\/title>\n<meta name=\"description\" content=\"Plongez dans l&#039;univers fascinant de la mode avec nos articles inspirants et nos conseils d&#039;experts pour sublimer votre style au quotidien\" \/>\n<meta name=\"robots\" content=\"index, follow, max-snippet:-1, max-image-preview:large, max-video-preview:-1\" \/>\n<link rel=\"canonical\" href=\"https:\/\/cosmeticsurgeryspecialists.co.uk\/ro\/a-propos-de-nous\/\" \/>\n<meta property=\"og:locale\" content=\"ro_RO\" \/>\n<meta property=\"og:type\" content=\"article\" \/>\n<meta property=\"og:title\" content=\"\u00c0 propos de nous - cosmeticsurgeryspecialists.co.uk\" \/>\n<meta property=\"og:description\" content=\"Plongez dans l&#039;univers fascinant de la mode avec nos articles inspirants et nos conseils d&#039;experts pour sublimer votre style au quotidien\" \/>\n<meta property=\"og:url\" content=\"https:\/\/cosmeticsurgeryspecialists.co.uk\/ro\/a-propos-de-nous\/\" \/>\n<meta property=\"og:site_name\" content=\"cosmeticsurgeryspecialists.co.uk\" \/>\n<meta property=\"article:modified_time\" content=\"2025-02-07T11:04:47+00:00\" \/>\n<meta property=\"og:image\" content=\"https:\/\/cosmeticsurgeryspecialists.co.uk\/wp-content\/uploads\/2025\/02\/zrelaya-zhenshhina-srednih-let-so-svetlymi-volosami-v-solnczezashhitnyh-ochkah-gulyaet-po-gorodskim.jpg\" \/>\n<meta name=\"twitter:card\" content=\"summary_large_image\" \/>\n<meta name=\"twitter:label1\" content=\"Timp estimat pentru citire\" \/>\n\t<meta name=\"twitter:data1\" content=\"2 minute\" \/>\n<script type=\"application\/ld+json\" class=\"yoast-schema-graph\">{\"@context\":\"https:\/\/schema.org\",\"@graph\":[{\"@type\":\"WebPage\",\"@id\":\"https:\/\/cosmeticsurgeryspecialists.co.uk\/a-propos-de-nous\/\",\"url\":\"https:\/\/cosmeticsurgeryspecialists.co.uk\/a-propos-de-nous\/\",\"name\":\"\u00c0 propos de nous - cosmeticsurgeryspecialists.co.uk\",\"isPartOf\":{\"@id\":\"https:\/\/cosmeticsurgeryspecialists.co.uk\/#website\"},\"primaryImageOfPage\":{\"@id\":\"https:\/\/cosmeticsurgeryspecialists.co.uk\/a-propos-de-nous\/#primaryimage\"},\"image\":{\"@id\":\"https:\/\/cosmeticsurgeryspecialists.co.uk\/a-propos-de-nous\/#primaryimage\"},\"thumbnailUrl\":\"https:\/\/cosmeticsurgeryspecialists.co.uk\/wp-content\/uploads\/2025\/02\/zrelaya-zhenshhina-srednih-let-so-svetlymi-volosami-v-solnczezashhitnyh-ochkah-gulyaet-po-gorodskim.jpg\",\"datePublished\":\"2025-02-07T09:23:58+00:00\",\"dateModified\":\"2025-02-07T11:04:47+00:00\",\"description\":\"Plongez dans l'univers fascinant de la mode avec nos articles inspirants et nos conseils d'experts pour sublimer votre style au quotidien\",\"breadcrumb\":{\"@id\":\"https:\/\/cosmeticsurgeryspecialists.co.uk\/a-propos-de-nous\/#breadcrumb\"},\"inLanguage\":\"ro-RO\",\"potentialAction\":[{\"@type\":\"ReadAction\",\"target\":[\"https:\/\/cosmeticsurgeryspecialists.co.uk\/a-propos-de-nous\/\"]}]},{\"@type\":\"ImageObject\",\"inLanguage\":\"ro-RO\",\"@id\":\"https:\/\/cosmeticsurgeryspecialists.co.uk\/a-propos-de-nous\/#primaryimage\",\"url\":\"https:\/\/cosmeticsurgeryspecialists.co.uk\/wp-content\/uploads\/2025\/02\/zrelaya-zhenshhina-srednih-let-so-svetlymi-volosami-v-solnczezashhitnyh-ochkah-gulyaet-po-gorodskim.jpg\",\"contentUrl\":\"https:\/\/cosmeticsurgeryspecialists.co.uk\/wp-content\/uploads\/2025\/02\/zrelaya-zhenshhina-srednih-let-so-svetlymi-volosami-v-solnczezashhitnyh-ochkah-gulyaet-po-gorodskim.jpg\"},{\"@type\":\"BreadcrumbList\",\"@id\":\"https:\/\/cosmeticsurgeryspecialists.co.uk\/a-propos-de-nous\/#breadcrumb\",\"itemListElement\":[{\"@type\":\"ListItem\",\"position\":1,\"name\":\"Home\",\"item\":\"https:\/\/cosmeticsurgeryspecialists.co.uk\/\"},{\"@type\":\"ListItem\",\"position\":2,\"name\":\"\u00c0 propos de nous\"}]},{\"@type\":\"WebSite\",\"@id\":\"https:\/\/cosmeticsurgeryspecialists.co.uk\/#website\",\"url\":\"https:\/\/cosmeticsurgeryspecialists.co.uk\/\",\"name\":\"cosmeticsurgeryspecialists.co.uk\",\"description\":\"L\u2019Art du Style: Tendances Mode\",\"potentialAction\":[{\"@type\":\"SearchAction\",\"target\":{\"@type\":\"EntryPoint\",\"urlTemplate\":\"https:\/\/cosmeticsurgeryspecialists.co.uk\/?s={search_term_string}\"},\"query-input\":\"required name=search_term_string\"}],\"inLanguage\":\"ro-RO\"}]}<\/script>\n<!-- \/ Yoast SEO plugin. -->","yoast_head_json":{"title":"\u00c0 propos de nous - cosmeticsurgeryspecialists.co.uk","description":"Plongez dans l'univers fascinant de la mode avec nos articles inspirants et nos conseils d'experts pour sublimer votre style au quotidien","robots":{"index":"index","follow":"follow","max-snippet":"max-snippet:-1","max-image-preview":"max-image-preview:large","max-video-preview":"max-video-preview:-1"},"canonical":"https:\/\/cosmeticsurgeryspecialists.co.uk\/ro\/a-propos-de-nous\/","og_locale":"ro_RO","og_type":"article","og_title":"\u00c0 propos de nous - cosmeticsurgeryspecialists.co.uk","og_description":"Plongez dans l'univers fascinant de la mode avec nos articles inspirants et nos conseils d'experts pour sublimer votre style au quotidien","og_url":"https:\/\/cosmeticsurgeryspecialists.co.uk\/ro\/a-propos-de-nous\/","og_site_name":"cosmeticsurgeryspecialists.co.uk","article_modified_time":"2025-02-07T11:04:47+00:00","og_image":[{"url":"https:\/\/cosmeticsurgeryspecialists.co.uk\/wp-content\/uploads\/2025\/02\/zrelaya-zhenshhina-srednih-let-so-svetlymi-volosami-v-solnczezashhitnyh-ochkah-gulyaet-po-gorodskim.jpg"}],"twitter_card":"summary_large_image","twitter_misc":{"Timp estimat pentru citire":"2 minute"},"schema":{"@context":"https:\/\/schema.org","@graph":[{"@type":"WebPage","@id":"https:\/\/cosmeticsurgeryspecialists.co.uk\/a-propos-de-nous\/","url":"https:\/\/cosmeticsurgeryspecialists.co.uk\/a-propos-de-nous\/","name":"\u00c0 propos de nous - cosmeticsurgeryspecialists.co.uk","isPartOf":{"@id":"https:\/\/cosmeticsurgeryspecialists.co.uk\/#website"},"primaryImageOfPage":{"@id":"https:\/\/cosmeticsurgeryspecialists.co.uk\/a-propos-de-nous\/#primaryimage"},"image":{"@id":"https:\/\/cosmeticsurgeryspecialists.co.uk\/a-propos-de-nous\/#primaryimage"},"thumbnailUrl":"https:\/\/cosmeticsurgeryspecialists.co.uk\/wp-content\/uploads\/2025\/02\/zrelaya-zhenshhina-srednih-let-so-svetlymi-volosami-v-solnczezashhitnyh-ochkah-gulyaet-po-gorodskim.jpg","datePublished":"2025-02-07T09:23:58+00:00","dateModified":"2025-02-07T11:04:47+00:00","description":"Plongez dans l'univers fascinant de la mode avec nos articles inspirants et nos conseils d'experts pour sublimer votre style au quotidien","breadcrumb":{"@id":"https:\/\/cosmeticsurgeryspecialists.co.uk\/a-propos-de-nous\/#breadcrumb"},"inLanguage":"ro-RO","potentialAction":[{"@type":"ReadAction","target":["https:\/\/cosmeticsurgeryspecialists.co.uk\/a-propos-de-nous\/"]}]},{"@type":"ImageObject","inLanguage":"ro-RO","@id":"https:\/\/cosmeticsurgeryspecialists.co.uk\/a-propos-de-nous\/#primaryimage","url":"https:\/\/cosmeticsurgeryspecialists.co.uk\/wp-content\/uploads\/2025\/02\/zrelaya-zhenshhina-srednih-let-so-svetlymi-volosami-v-solnczezashhitnyh-ochkah-gulyaet-po-gorodskim.jpg","contentUrl":"https:\/\/cosmeticsurgeryspecialists.co.uk\/wp-content\/uploads\/2025\/02\/zrelaya-zhenshhina-srednih-let-so-svetlymi-volosami-v-solnczezashhitnyh-ochkah-gulyaet-po-gorodskim.jpg"},{"@type":"BreadcrumbList","@id":"https:\/\/cosmeticsurgeryspecialists.co.uk\/a-propos-de-nous\/#breadcrumb","itemListElement":[{"@type":"ListItem","position":1,"name":"Home","item":"https:\/\/cosmeticsurgeryspecialists.co.uk\/"},{"@type":"ListItem","position":2,"name":"\u00c0 propos de nous"}]},{"@type":"WebSite","@id":"https:\/\/cosmeticsurgeryspecialists.co.uk\/#website","url":"https:\/\/cosmeticsurgeryspecialists.co.uk\/","name":"cosmeticsurgeryspecialists.co.uk","description":"L\u2019Art du Style: Tendances Mode","potentialAction":[{"@type":"SearchAction","target":{"@type":"EntryPoint","urlTemplate":"https:\/\/cosmeticsurgeryspecialists.co.uk\/?s={search_term_string}"},"query-input":"required name=search_term_string"}],"inLanguage":"ro-RO"}]}},"yoast_meta":{"yoast_wpseo_title":"","yoast_wpseo_metadesc":"","yoast_wpseo_canonical":"https:\/\/cosmeticsurgeryspecialists.co.uk\/ro\/wp-json\/wp\/v2\/pages\/37"},"_links":{"self":[{"href":"https:\/\/cosmeticsurgeryspecialists.co.uk\/ro\/wp-json\/wp\/v2\/pages\/37","targetHints":{"allow":["GET"]}}],"collection":[{"href":"https:\/\/cosmeticsurgeryspecialists.co.uk\/ro\/wp-json\/wp\/v2\/pages"}],"about":[{"href":"https:\/\/cosmeticsurgeryspecialists.co.uk\/ro\/wp-json\/wp\/v2\/types\/page"}],"author":[{"embeddable":true,"href":"https:\/\/cosmeticsurgeryspecialists.co.uk\/ro\/wp-json\/wp\/v2\/users\/1"}],"replies":[{"embeddable":true,"href":"https:\/\/cosmeticsurgeryspecialists.co.uk\/ro\/wp-json\/wp\/v2\/comments?post=37"}],"version-history":[{"count":1,"href":"https:\/\/cosmeticsurgeryspecialists.co.uk\/ro\/wp-json\/wp\/v2\/pages\/37\/revisions"}],"predecessor-version":[{"id":43,"href":"https:\/\/cosmeticsurgeryspecialists.co.uk\/ro\/wp-json\/wp\/v2\/pages\/37\/revisions\/43"}],"wp:attachment":[{"href":"https:\/\/cosmeticsurgeryspecialists.co.uk\/ro\/wp-json\/wp\/v2\/media?parent=37"}],"curies":[{"name":"wp","href":"https:\/\/api.w.org\/{rel}","templated":true}]}}